{"id":4003,"date":"2022-07-07T14:54:00","date_gmt":"2022-07-07T07:54:00","guid":{"rendered":"https:\/\/beta.achisonsafety.com.vn\/?post_type=product&#038;p=4003"},"modified":"2025-09-29T20:55:28","modified_gmt":"2025-09-29T13:55:28","slug":"non-bao-ho-3m-h702v","status":"publish","type":"product","link":"https:\/\/achison.com\/en\/san-pham\/non-bao-ho-3m-h702v\/","title":{"rendered":"N\u00f3n B\u1ea3o H\u1ed9 3M H702V"},"content":{"rendered":"<p style=\"text-align: justify;\"><a href=\"https:\/\/achisonsafety.com.vn\/san-pham\/non-bao-ho-3m-h702v\" target=\"_blank\" rel=\"noopener nofollow\">N\u00f3n B\u1ea3o H\u1ed9 3M H702V<\/a> &#8211; \u0110\u01b0\u1ee3c thi\u1ebft k\u1ebf nh\u1eb9 h\u01a1n, b\u1ec1n h\u01a1n v\u00e0 \u0111\u1eb9p h\u01a1n, gi\u00fap b\u1ea3o v\u1ec7 an to\u00e0n t\u1ed1i \u01b0u cho ng\u01b0\u1eddi lao \u0111\u1ed9ng.<\/p>\n<h2 style=\"text-align: justify;\"><strong>\u0110i\u1ec3m n\u1ed5i b\u1eadt c\u1ee7a n\u00f3n b\u1ea3o h\u1ed9 3M H702V<\/strong><\/h2>\n<p style=\"text-align: justify;\">N\u00f3n b\u1ea3o h\u1ed9 3M H702V &#8211; Gi\u1ea3i ph\u00e1p t\u1ed1i \u01b0u nh\u1ea5t \u0111\u1ec3 b\u1ea3o v\u1ec7 v\u00f9ng \u0111\u1ea7u trong m\u00f4i tr\u01b0\u1eddng l\u00e0m vi\u1ec7c.<\/p>\n<p style=\"text-align: justify;\">S\u1ea3n ph\u1ea9m \u0111\u01b0\u1ee3c thi\u1ebft k\u1ebf b\u1eb1ng ch\u1ea5t li\u1ec7u cao c\u1ea5p HDPE b\u1ec1n b\u1ec9, c\u00f3 kh\u1ea3 n\u0103ng ch\u1ecbu l\u1ef1c t\u1ed1t, gi\u00fap b\u1ea3o v\u1ec7 v\u00f9ng \u0111\u1ea7u trong nh\u1eefng t\u00ecnh hu\u1ed1ng c\u00f3 va \u0111\u1eadp hay c\u00f3 t\u00e1c \u0111\u1ed9ng v\u1eadt l\u00fd.<\/p>\n<p style=\"text-align: justify;\">Ki\u1ec3u d\u00e1ng g\u1ecdn nh\u1eb9, c\u00f3 nh\u1eefng l\u1ed7 th\u00f4ng gi\u00f3 gi\u00fap tho\u00e1ng kh\u00ed v\u00e0 gi\u1ea3m n\u00f3ng b\u1ee9c khi \u0111\u1ed9i trong th\u1eddi gian d\u00e0i.<\/p>\n<p style=\"text-align: justify;\">D\u00e2y \u0111eo \u0111i\u1ec1u ch\u1ec9nh linh ho\u1ea1t, gi\u00fap ng\u01b0\u1eddi d\u00f9ng c\u00f3 th\u1ec3 \u0111i\u1ec1u ch\u1ec9nh linh ho\u1ea1t \u0111\u1ec3 v\u1eeba v\u1eb7n v\u1edbi \u0111\u1ea7u c\u1ee7a m\u00ecnh.<\/p>\n<p style=\"text-align: justify;\">N\u00f3n b\u1ea3o h\u1ed9 3M H702 c\u00f3 kh\u1ea3 n\u0103ng ch\u1ed1ng tia UV, gi\u00fap b\u1ea3o v\u1ec7 ng\u01b0\u1eddi lao \u0111\u1ed9ng khi l\u00e0m vi\u1ec7c ngo\u00e0i tr\u1eddi.<\/p>\n<p style=\"text-align: justify;\">B\u1ea1n c\u00f3 th\u1ec3 g\u1eafn k\u1ebft th\u00eam t\u1ea5m che m\u1eb7t v\u00e0 ch\u1ee5p tai ch\u1ed1ng \u1ed3n 3M \u0111\u1ec3 t\u1eb7ng c\u01b0\u1eddng b\u1ea3o v\u1ec7 cho v\u00f9ng \u0111\u1ea7u.<\/p>\n<h2 style=\"text-align: justify;\"><b>\u1ee8ng d\u1ee5ng c\u1ee7a n\u00f3n b\u1ea3o h\u1ed9 3M H702V<\/b><\/h2>\n<p style=\"text-align: justify;\"><span style=\"font-weight: 400;\">Chi\u1ebfc <a href=\"https:\/\/achisonsafety.com.vn\/non-bao-ho\" target=\"_blank\" rel=\"noopener nofollow\">n\u00f3n b\u1ea3o h\u1ed9<\/a> n\u00e0y th\u00edch h\u1ee3p \u0111\u1ec3 d\u00f9ng cho nh\u1eefng ng\u01b0\u1eddi lao \u0111\u1ed9ng trong c\u00e1c ng\u00e0nh ngh\u1ec1 nh\u01b0: D\u1ea7u kh\u00ed, \u0111\u00f3ng t\u00e0u, c\u1ea3ng &#8211; \u00d4 t\u00f4, xe m\u00e1y, nh\u1ef1a, g\u1ed7, kim lo\u1ea1i &#8211; Xi m\u0103ng, x\u00e2y d\u1ef1ng, h\u00f3a ch\u1ea5t, ph\u00e2n b\u00f3n&#8230;<\/span><\/p>\n<h2 style=\"text-align: justify;\"><span style=\"color: #000000;\"><strong>C\u00e1ch v\u1ec7 sinh n\u00f3n b\u1ea3o h\u1ed9 3M<\/strong><\/span><\/h2>\n<p style=\"text-align: justify;\">D\u00f9ng v\u1ea3i m\u1ec1m \u0111\u1ec3 lau n\u00f3n v\u00e0 kh\u00f4ng d\u00f9ng v\u1ea3i c\u1ee9ng ho\u1eb7c c\u00e1c v\u1eadt d\u1ee5ng c\u1ee9ng nh\u01b0 \u0111\u1ed3 r\u1eeda ch\u00e9n, b\u00e0n ch\u1ea3y \u0111\u1ec3 v\u1ec7 sinh n\u00f3n. Nh\u01b0 v\u1eady s\u1ebd l\u00e0m tr\u1ea7y x\u01b0\u1edbc n\u00f3n, m\u1ea5t th\u1ea9m m\u1ef9 c\u1ee7a n\u00f3n v\u00e0 mau h\u01b0 n\u00f3n h\u01a1n<\/p>\n<p style=\"text-align: justify;\">L\u1ed3ng n\u00f3n v\u00e0 d\u00e2y quai n\u00f3n c\u00f3 th\u1ec3 th\u00e1o r\u1eddi ra \u0111\u1ec3 gi\u1eb7t. Sau \u0111\u00f3 ph\u01a1i \u1edf n\u01a1i kh\u00f4 r\u00e1o, tr\u00e1nh ph\u01a1i n\u00f3n v\u00e0 l\u1ed3ng n\u00f3n \u1edf n\u01a1i c\u00f3 nhi\u1ec7t \u0111\u1ed9 cao v\u00ec s\u1ebd l\u00e0m gi\u1ea3m tu\u1ed5i th\u1ecd c\u1ee7a n\u00f3n<\/p>\n<p style=\"text-align: justify;\">Kh\u00f4ng d\u00f9ng c\u00e1c ch\u1ea5t t\u1ea9y r\u1eeda c\u00f3 t\u00ednh axit m\u1ea1nh \u0111\u1ec3 v\u1ec7 sinh n\u00f3n v\u00ec s\u1ebd l\u00e0m gi\u1ea3m ch\u1ea5t l\u01b0\u1ee3ng n\u00f3n v\u00e0 n\u00f3n d\u1ec5 b\u1ecb h\u01b0 h\u1ecfng h\u01a1n<\/p>\n<p style=\"text-align: justify;\"><strong>L\u01b0u \u00fd khi s\u1eed d\u1ee5ng n\u00f3n b\u1ea3o h\u1ed9 3M:<\/strong><\/p>\n<p style=\"text-align: justify;\">&#8211; Ki\u1ec3m tra s\u1ea3n ph\u1ea9m k\u1ef9 tr\u01b0\u1edbc khi s\u1eed d\u1ee5ng.<\/p>\n<p style=\"text-align: justify;\">&#8211; Kh\u00f4ng s\u1eed d\u1ee5ng n\u00f3n c\u00f3 d\u1ea5u hi\u1ec7u n\u1ee9t v\u1ee1 \u0111\u1ec3 \u0111\u1ea3m b\u1ea3o an to\u00e0n.<\/p>\n<p style=\"text-align: justify;\">&#8211; Lau ch\u00f9i n\u00f3n th\u01b0\u1eddng xuy\u00ean \u0111\u1ec3 \u0111\u1ea3m b\u1ea3o v\u1ec7 sinh cho n\u00f3n.<\/p>\n<p style=\"text-align: justify;\"><span style=\"font-weight: 400;\">N\u00f3n b\u1ea3o h\u1ed9 3M H702V b\u1ea3o v\u1ec7 \u0111\u1ea7u kh\u1ecfi nguy hi\u1ec3m khi l\u00e0m vi\u1ec7c trong m\u00f4i tr\u01b0\u1eddng c\u00f4ng nghi\u1ec7p. N\u1ebfu b\u1ea1n mu\u1ed1n \u0111\u1eb7t mua th\u00ec h\u00e3y nhanh ch\u00f3ng li\u00ean h\u1ec7 v\u1edbi <a href=\"https:\/\/achisonsafety.com.vn\" target=\"_blank\" rel=\"noopener nofollow\">Achison<\/a> \u0111\u1ec3 \u0111\u01b0\u1ee3c t\u01b0 v\u1ea5n v\u00e0 b\u00e1o gi\u00e1 t\u1ed1t nh\u1ea5t nh\u00e9.<\/span><\/p>\n<p style=\"text-align: justify;\">#N\u00f3n b\u1ea3o h\u1ed9 3M #N\u00f3n b\u1ea3o h\u1ed9 k\u1ef9 s\u01b0 #<span style=\"color: #333333;\">N\u00f3n<\/span><span style=\"color: #333333;\">\u00a0b\u1ea3o h\u1ed9\u00a0<\/span><span style=\"color: #333333;\">cao c\u1ea5p<\/span><\/p>\n","protected":false},"excerpt":{"rendered":"<p style=\"text-align: justify;\">&#8211; Thi\u1ebft k\u1ebf b\u1eb1ng ch\u1ea5t li\u1ec7u cao c\u1ea5p HDPE b\u1ec1n b\u1ec9, c\u00f3 kh\u1ea3 n\u0103ng ch\u1ecbu l\u1ef1c t\u1ed1t.<\/p>\n<p style=\"text-align: justify;\">&#8211; Ki\u1ec3u d\u00e1ng g\u1ecdn nh\u1eb9, c\u00f3 nh\u1eefng l\u1ed7 th\u00f4ng gi\u00f3 gi\u00fap tho\u00e1ng kh\u00ed v\u00e0 gi\u1ea3m n\u00f3ng b\u1ee9c.<\/p>\n<p style=\"text-align: justify;\">&#8211; D\u00e2y \u0111eo \u0111i\u1ec1u ch\u1ec9nh linh ho\u1ea1t, gi\u00fap ng\u01b0\u1eddi d\u00f9ng c\u00f3 th\u1ec3 \u0111i\u1ec1u ch\u1ec9nh linh ho\u1ea1t \u0111\u1ec3 v\u1eeba v\u1eb7n v\u1edbi \u0111\u1ea7u.<\/p>\n","protected":false},"featured_media":4004,"comment_status":"open","ping_status":"closed","template":"","meta":[],"product_cat":[97],"product_tag":[1000,991,994,999,990,995],"class_list":{"0":"post-4003","1":"product","2":"type-product","3":"status-publish","4":"has-post-thumbnail","6":"product_cat-non-bao-ho","7":"product_tag-mu-bao-ho","8":"product_tag-mu-bao-ho-3m","9":"product_tag-mu-bao-ho-lao-dong","10":"product_tag-non-bao-ho","11":"product_tag-non-bao-ho-3m","12":"product_tag-non-bao-ho-lao-dong","13":"yith_product_brand-3m","15":"first","16":"instock","17":"shipping-taxable","18":"product-type-simple"},"acf":[],"_links":{"self":[{"href":"https:\/\/achison.com\/en\/wp-json\/wp\/v2\/product\/4003"}],"collection":[{"href":"https:\/\/achison.com\/en\/wp-json\/wp\/v2\/product"}],"about":[{"href":"https:\/\/achison.com\/en\/wp-json\/wp\/v2\/types\/product"}],"replies":[{"embeddable":true,"href":"https:\/\/achison.com\/en\/wp-json\/wp\/v2\/comments?post=4003"}],"wp:featuredmedia":[{"embeddable":true,"href":"https:\/\/achison.com\/en\/wp-json\/wp\/v2\/media\/4004"}],"wp:attachment":[{"href":"https:\/\/achison.com\/en\/wp-json\/wp\/v2\/media?parent=4003"}],"wp:term":[{"taxonomy":"product_cat","embeddable":true,"href":"https:\/\/achison.com\/en\/wp-json\/wp\/v2\/product_cat?post=4003"},{"taxonomy":"product_tag","embeddable":true,"href":"https:\/\/achison.com\/en\/wp-json\/wp\/v2\/product_tag?post=4003"}],"curies":[{"name":"wp","href":"https:\/\/api.w.org\/{rel}","templated":true}]}}