{"id":4044,"date":"2022-07-07T17:22:07","date_gmt":"2022-07-07T10:22:07","guid":{"rendered":"https:\/\/beta.achisonsafety.com.vn\/?post_type=product&#038;p=4044"},"modified":"2025-09-17T16:51:36","modified_gmt":"2025-09-17T09:51:36","slug":"non-bao-ho-protector-hc600","status":"publish","type":"product","link":"https:\/\/achison.com\/en\/san-pham\/non-bao-ho-protector-hc600\/","title":{"rendered":"N\u00f3n b\u1ea3o h\u1ed9 Protector HC600"},"content":{"rendered":"<h3><span style=\"font-size: 75%\"><b>N\u00f3n b\u1ea3o h\u1ed9 Protector HC600<\/b><\/span><\/h3>\n<h3><span style=\"font-size: 75%\"><b>B\u1ea3o v\u1ec7 \u0111\u1ea7u trong l\u00fac l\u00e0m vi\u1ec7c l\u00e0 \u0111i\u1ec1u h\u1ebft s\u1ee9c quan tr\u1ecdng v\u00ec c\u00e1c v\u1eadt nh\u1ecdn, s\u1eafc b\u00e9n c\u00f3 th\u1ec3 r\u01a1i v\u00e0o \u0111\u1ea7u c\u00f4ng nh\u00e2n b\u1ea5t k\u1ef3 l\u00fac n\u00e0o. Gi\u1ea3i ph\u00e1p t\u1ed1i \u01b0u nh\u1ea5t l\u00e0 trang b\u1ecb cho m\u00ecnh m\u1ed9t chi\u1ebfc n\u00f3n \u0111\u1ec3 b\u1ea3o v\u1ec7 \u0111\u1ea7u kh\u1ecfi nguy hi\u1ec3m<\/b><\/span><\/h3>\n<p><b>M\u00e3 s\u1ea3n ph\u1ea9m: <\/b><span style=\"font-weight: 400\">Protector HC600<\/span><\/p>\n<p><b>Ch\u1ea5t li\u1ec7u:<\/b><span style=\"font-weight: 400\"> Nh\u1ef1a ABS<\/span><\/p>\n<p><b>Ti\u00eau chu\u1ea9n:<\/b><span style=\"font-weight: 400\"> AS\/NZS 1801: 1997, EN397<\/span><\/p>\n<p><b>M\u00f4 t\u1ea3:\u00a0<\/b><\/p>\n<p><span style=\"font-weight: 400\">Thi\u1ebft k\u1ebf g\u1ecdn nh\u1eb9, d\u1ec5 d\u00e0ng s\u1eed d\u1ee5ng<\/span><\/p>\n<p><span style=\"font-weight: 400\">Ph\u00eda tr\u01b0\u1edbc c\u00f3 t\u1ea5m th\u1ea5m h\u00fat m\u1ed3 h\u00f4i, gi\u00fap kh\u00f4 tho\u00e1ng, tr\u00e1nh \u1ea9m n\u00f3ng<\/span><\/p>\n<p><span style=\"font-weight: 400\">V\u00e0nh n\u00f3n ng\u1eafn gi\u00fap ch\u1ed1ng che ch\u1eafn t\u1ea7m nh\u00ecn<\/span><\/p>\n<p><span style=\"font-weight: 400\">Khe c\u1eafm ph\u00f9 h\u1ee3p s\u1eed d\u1ee5ng v\u1edbi c\u00e1c ph\u1ee5 ki\u1ec7n c\u00f3 ch\u00e2n c\u1eafm 25 ho\u1eb7c 30 mm.<\/span><\/p>\n<p><b>Tr\u1ecdng L\u01b0\u1ee3ng: <\/b><span style=\"font-weight: 400\">430gram<\/span><\/p>\n<p><b>M\u00e0u S\u1eafc: <\/b><span style=\"font-weight: 400\">V\u00e0ng<\/span><\/p>\n<p><b>Quy C\u00e1ch \u0110\u00f3ng G\u00f3i:<\/b><span style=\"font-weight: 400\"> 1 C\u00e1i\/H\u1ed9p<\/span><\/p>\n<p><b>\u1ee8ng D\u1ee5ng: <\/b><span style=\"font-weight: 400\">D\u1ea7u kh\u00ed, \u0111\u00f3ng t\u00e0u, c\u1ea3ng &#8211; \u00d4 t\u00f4, xe m\u00e1y, nh\u1ef1a, g\u1ed7, kim lo\u1ea1i &#8211; Xi m\u0103ng, x\u00e2y d\u1ef1ng, h\u00f3a ch\u1ea5t, ph\u00e2n b\u00f3n<\/span><\/p>\n<p><strong>C\u00e1ch l\u1eafp l\u1ed3ng n\u00f3n\u00a0<\/strong><\/p>\n<ul>\n<li><strong>B\u01b0\u1edbc 1:<\/strong>\u00a0\u0110\u1eb7t l\u1ed3ng n\u00f3n v\u00e0o b\u00ean trong n\u00f3n sao cho mi\u1ebfng l\u00f3t \u0111\u1eb7t ph\u00ed tr\u01b0\u1edbc v\u00e0 ph\u1ea7n n\u00fam v\u1eb7n \u0111\u1eb7t ph\u00eda sau<\/li>\n<li><strong>B\u01b0\u1edbc 2:<\/strong>\u00a0B\u1ebb g\u1eadp ph\u1ea7n ch\u1ea5u c\u00e0i tr\u00ean l\u1ed3ng n\u00f3n v\u00e0 g\u1eafn v\u00e0o c\u00e1c kh\u1edbp tr\u00ean n\u00f3n, g\u1eafn t\u01b0\u01a1ng t\u1ef1 cho 3 ch\u1ea5u c\u00f2n l\u1ea1i<\/li>\n<li><strong>B\u01b0\u1edbc 3:<\/strong>\u00a0M\u00f3c 2 \u0111\u1ea7u c\u1ee7a d\u00e2y quai n\u00f3n v\u00e0o 2 l\u1ed7 tr\u00f2n \u1edf 2 b\u00ean h\u00f4ng c\u1ee7a n\u00f3n. L\u01b0u \u00fd, m\u00f3c t\u1eeb ngo\u00e0i v\u00e0o trong \u0111\u1ec3 kh\u00f4ng b\u1ecb ng\u01b0\u1ee3c chi\u1ec1u c\u1ee7a d\u00e2y quai n\u00f3n<\/li>\n<li><strong>B\u01b0\u1edbc 4:<\/strong>\u00a0\u0110\u1ed9i th\u1eed n\u00f3n, \u0111i\u1ec1u ch\u1ec9nh n\u00fam v\u1eb7n ph\u00eda sau \u0111\u1ea7u v\u00e0 d\u00e2y quai n\u00f3n cho v\u1eeba v\u1edbi \u0111\u1ea7u sao cho n\u00f3n kh\u00f4ng b\u1ecb r\u01a1i ra khi cu\u1ed1i xu\u1ed1ng, n\u00f3n kh\u00f4ng qu\u00e1 l\u1ecfng ho\u1eb7c qu\u00e1 ch\u1eadt, \u0111\u1ea3m b\u1ea3o s\u1ef1 tho\u1ea3i m\u00e1i khi l\u00e0m vi\u1ec7c<\/li>\n<\/ul>\n<p><b>&gt;&gt; Tham kh\u1ea3o nhi\u1ec1u gi\u1ea3i ph\u00e1p n\u00f3n b\u1ea3o h\u1ed9 kh\u00e1c\u00a0<\/b><\/p>\n<p><a href=\"https:\/\/achisonsafety.com.vn\/danh-muc-san-pham\/bao-ho-lao-dong\/non-bao-ho\/\" rel=\"nofollow noopener\" target=\"_blank\"><span style=\"font-weight: 400\">https:\/\/achisonsafety.com.vn\/danh-muc-san-pham\/bao-ho-lao-dong\/non-bao-ho\/<\/span><\/a><span style=\"font-weight: 400\">\u00a0<\/span><\/p>\n<p><b>L\u01b0u \u00fd:<\/b><\/p>\n<p><span style=\"font-weight: 400\">&#8211; Ki\u1ec3m tra s\u1ea3n ph\u1ea9m k\u1ef9 tr\u01b0\u1edbc khi s\u1eed d\u1ee5ng<\/span><\/p>\n<p><span style=\"font-weight: 400\">&#8211; Kh\u00f4ng s\u1eed d\u1ee5ng n\u00f3n c\u00f3 d\u1ea5u hi\u1ec7u n\u1ee9t v\u1ee1 \u0111\u1ec3 \u0111\u1ea3m b\u1ea3o an to\u00e0n<\/span><\/p>\n<p><span style=\"font-weight: 400\">&#8211; Lau ch\u00f9i n\u00f3n th\u01b0\u1eddng xuy\u00ean \u0111\u1ec3 \u0111\u1ea3m b\u1ea3o v\u1ec7 sinh cho n\u00f3n<\/span><\/p>\n","protected":false},"excerpt":{"rendered":"<ul>\n<li><span style=\"font-weight: 400\">Thi\u1ebft k\u1ebf g\u1ecdn nh\u1eb9, d\u1ec5 d\u00e0ng s\u1eed d\u1ee5ng<\/span><\/li>\n<li><span style=\"font-weight: 400\">Ph\u00eda tr\u01b0\u1edbc c\u00f3 t\u1ea5m th\u1ea5m h\u00fat m\u1ed3 h\u00f4i, gi\u00fap kh\u00f4 tho\u00e1ng, tr\u00e1nh \u1ea9m n\u00f3ng<\/span><\/li>\n<li><span style=\"font-weight: 400\">V\u00e0nh n\u00f3n ng\u1eafn gi\u00fap ch\u1ed1ng che ch\u1eafn t\u1ea7m nh\u00ecn<\/span><\/li>\n<\/ul>\n","protected":false},"featured_media":4045,"comment_status":"open","ping_status":"closed","template":"","meta":[],"product_cat":[16,32,97],"product_tag":[188,184,189],"class_list":{"0":"post-4044","1":"product","2":"type-product","3":"status-publish","4":"has-post-thumbnail","6":"product_cat-bao-ho-lao-dong","7":"product_cat-bao-ve-dau","8":"product_cat-non-bao-ho","9":"product_tag-nganh-dau-khi-khai-khoang-dong-tau-cang-bien-hang-khong","10":"product_tag-nganh-gia-cong-kim-loai","11":"product_tag-nganh-xay-dung-logistic-hoa-chat","12":"yith_product_brand-thuong-hieu-khac","14":"first","15":"instock","16":"shipping-taxable","17":"product-type-simple"},"acf":[],"_links":{"self":[{"href":"https:\/\/achison.com\/en\/wp-json\/wp\/v2\/product\/4044"}],"collection":[{"href":"https:\/\/achison.com\/en\/wp-json\/wp\/v2\/product"}],"about":[{"href":"https:\/\/achison.com\/en\/wp-json\/wp\/v2\/types\/product"}],"replies":[{"embeddable":true,"href":"https:\/\/achison.com\/en\/wp-json\/wp\/v2\/comments?post=4044"}],"wp:featuredmedia":[{"embeddable":true,"href":"https:\/\/achison.com\/en\/wp-json\/wp\/v2\/media\/4045"}],"wp:attachment":[{"href":"https:\/\/achison.com\/en\/wp-json\/wp\/v2\/media?parent=4044"}],"wp:term":[{"taxonomy":"product_cat","embeddable":true,"href":"https:\/\/achison.com\/en\/wp-json\/wp\/v2\/product_cat?post=4044"},{"taxonomy":"product_tag","embeddable":true,"href":"https:\/\/achison.com\/en\/wp-json\/wp\/v2\/product_tag?post=4044"}],"curies":[{"name":"wp","href":"https:\/\/api.w.org\/{rel}","templated":true}]}}