{"id":4624,"date":"2022-07-20T20:27:58","date_gmt":"2022-07-20T13:27:58","guid":{"rendered":"https:\/\/beta.achisonsafety.com.vn\/?post_type=product&#038;p=4624"},"modified":"2025-09-17T16:46:31","modified_gmt":"2025-09-17T09:46:31","slug":"may-khoan-tu-milwaukee-m18-fmdp-502c","status":"publish","type":"product","link":"https:\/\/achison.com\/en\/san-pham\/may-khoan-tu-milwaukee-m18-fmdp-502c\/","title":{"rendered":"M\u00e1y khoan t\u1eeb Milwaukee M18 FMDP-502C"},"content":{"rendered":"<h3><span style=\"font-size: 75%\"><b>M\u00e1y khoan t\u1eeb Milwaukee M18 FMDP-502C gi\u1ea3i ph\u00e1p khoan nhanh v\u1edbi \u0111\u1ed9ng c\u01a1 kh\u00f4ng ch\u1ed5i than m\u1ea1nh m\u1ebd, an to\u00e0n h\u01a1n v\u1edbi c\u00e1c ch\u1ebf \u0111\u1ed9 b\u1ea3o v\u1ec7, t\u1ef1 ng\u1eaft gi\u00fap ng\u01b0\u1eddi lao \u0111\u1ed9ng c\u00f3 \u0111\u01b0\u1ee3c hi\u1ec7u qu\u1ea3 t\u1ed1i \u0111a trong c\u00f4ng vi\u1ec7c.<\/b><\/span><\/h3>\n<h3><span style=\"font-size: 75%\"><b>S\u1ea3n ph\u1ea9m ph\u00f9 h\u1ee3p cho c\u00e1c nhu c\u1ea7u khoan t\u1ea1i c\u00e1c v\u1ecb tr\u00ed \u0111\u1eb7c bi\u1ec7t: t\u1ea7m cao qu\u00e1 \u0111\u00e2u, ch\u1eadt h\u1eb9p ho\u1eb7c nh\u1eefng n\u01a1i kh\u00f3 ti\u1ebfp c\u1eadn: khoan tr\u00ean th\u00e9p t\u1ea5m, khoan d\u1ea7m, trong h\u1ed1c\u2026<\/b><\/span><\/h3>\n<p><b>Th\u01b0\u01a1ng hi\u1ec7u: <\/b><span style=\"font-weight: 400\">Milwaukee<\/span><\/p>\n<p><b>M\u00e3 s\u1ea3n ph\u1ea9m:<\/b><span style=\"font-weight: 400\"> M18 FMDP-502C<\/span><\/p>\n<p><b>C\u00f4ng ngh\u1ec7 pin: <\/b><span style=\"font-weight: 400\">Lithium Li-Ion<\/span><\/p>\n<p><b>Hi\u1ec7u th\u1ebf pin:<\/b><span style=\"font-weight: 400\"> 18V<\/span><\/p>\n<p><b>L\u1ef1c t\u1eeb: <\/b><span style=\"font-weight: 400\">8890N<\/span><\/p>\n<p><b>Kh\u1ea3 n\u0103ng khoan s\u00e2u:<\/b> <span style=\"font-weight: 400\">50mm<\/span><\/p>\n<p><b>\u0110\u01b0\u1eddng k\u00ednh khoan t\u1ed1i \u0111a:<\/b><span style=\"font-weight: 400\"> 38mm<\/span><\/p>\n<p><b>\u0110\u1ea7u khoan: <\/b><span style=\"font-weight: 400\">13mm<\/span><\/p>\n<p><b>Kh\u1ed1i l\u01b0\u1ee3ng: <\/b><span style=\"font-weight: 400\">13kg<\/span><\/p>\n<p><b>\u01afU \u0110I\u1ec2M V\u01af\u1ee2T TR\u1ed8I<\/b><\/p>\n<ul>\n<li style=\"font-weight: 400\"><span style=\"font-weight: 400\">M\u00e1y khoan t\u1eeb Milwaukee M18 FMDP-502C v\u1edbi \u0111\u1ed9ng c\u01a1 kh\u00f4ng ch\u1ed5i than cho hi\u1ec7u su\u1ea5t ho\u1ea1t \u0111\u1ed9ng t\u1ed1i \u0111a v\u1edbi kh\u1ea3 n\u0103ng khoan 40 l\u1ed7 c\u00f3 \u0111\u01b0\u1eddng k\u00ednh 18mm th\u00e9p d\u00e0y 6.35mm (1\/4\u201d) \u0111\u1ed1i v\u1edbi 1 l\u1ea7n s\u1ea1c pin 18V:5Ah.<\/span><\/li>\n<li style=\"font-weight: 400\"><span style=\"font-weight: 400\">REDLINK PLUS\u2122 l\u00e0 h\u1ec7 th\u1ed1ng b\u1ea3o v\u1ec7 th\u00f4ng minh tr\u00ean c\u00e1c d\u1ee5ng c\u1ee5 pin Milwaukee ch\u1ed1ng qu\u00e1 t\u1ea3i cho c\u1ea3 m\u00e1y v\u00e0 pin gi\u00fap n\u00e2ng cao hi\u1ec7u su\u1ea5t ho\u1ea1t \u0111\u1ed9ng t\u1ed1i \u0111a.<\/span><\/li>\n<li style=\"font-weight: 400\"><span style=\"font-weight: 400\">REDLITHIUM-ION\u2122 c\u00e1ch c\u1ea5u tr\u00fac trong c\u00e1c Cell pin v\u00e0 m\u1ea1ch \u0111i\u1ec7n t\u1eed gi\u00fap mang l\u1ea1i hi\u1ec7u qu\u1ea3 h\u01a1n cho th\u1eddi gian ho\u1ea1t \u0111\u1ed9ng v\u00e0 tu\u1ed5i th\u1ecd c\u1ee7a pin.<\/span><\/li>\n<li style=\"font-weight: 400\"><span style=\"font-weight: 400\">AUTOSTOP\u2122 ph\u00e1t hi\u1ec7n chuy\u1ec3n \u0111\u1ed9ng b\u1ea5t th\u01b0\u1eddng v\u1edbi qu\u00e1n t\u00ednh cao s\u1ebd l\u1eadp t\u1ee9c ng\u01b0ng ho\u1ea1t \u0111\u1ed9ng s\u1ebd l\u00e0m b\u1ea3o v\u1ec7 ng\u01b0\u1eddi d\u00f9ng khi s\u1eed d\u1ee5ng.<\/span><\/li>\n<li style=\"font-weight: 400\"><span style=\"font-weight: 400\">L\u1ef1c h\u00fat t\u1eeb t\u00ednh r\u1ea5t cao l\u00ean \u0111\u1ebfn 8890N t\u1ea1o l\u1ef1c h\u00fat r\u1ea5t cao v\u1edbi v\u1eadt thi c\u00f4ng gi\u00fap an to\u00e0n h\u01a1n khi s\u1eed d\u1ee5ng<\/span><\/li>\n<li style=\"font-weight: 400\"><span style=\"font-weight: 400\">H\u1ed9p nh\u00f4ng 2 t\u1ed1c \u0111\u1ed9 400 v\u00e0 690v\/p t\u1ed1i \u01b0u h\u00f3a vi\u1ec7c s\u1eed d\u1ee5ng dao c\u1eaft ho\u1eb7c m\u0169i khoan xo\u1eafn<\/span><\/li>\n<\/ul>\n<p><img loading=\"lazy\" decoding=\"async\" class=\"alignnone size-medium wp-image-6466\" src=\"https:\/\/achisonsafety.com.vn\/wp-content\/uploads\/2022\/07\/may-khoan-m18fmdp-502c_WEB-400x400.jpg\" alt=\"\" width=\"400\" height=\"400\" title=\"\" srcset=\"https:\/\/achison.com\/wp-content\/uploads\/2022\/07\/may-khoan-m18fmdp-502c_WEB-400x400.jpg 400w, https:\/\/achison.com\/wp-content\/uploads\/2022\/07\/may-khoan-m18fmdp-502c_WEB-280x280.jpg 280w, https:\/\/achison.com\/wp-content\/uploads\/2022\/07\/may-khoan-m18fmdp-502c_WEB-30x30.jpg 30w, https:\/\/achison.com\/wp-content\/uploads\/2022\/07\/may-khoan-m18fmdp-502c_WEB-60x60.jpg 60w, https:\/\/achison.com\/wp-content\/uploads\/2022\/07\/may-khoan-m18fmdp-502c_WEB-247x247.jpg 247w, https:\/\/achison.com\/wp-content\/uploads\/2022\/07\/may-khoan-m18fmdp-502c_WEB-510x510.jpg 510w, https:\/\/achison.com\/wp-content\/uploads\/2022\/07\/may-khoan-m18fmdp-502c_WEB-100x100.jpg 100w, https:\/\/achison.com\/wp-content\/uploads\/2022\/07\/may-khoan-m18fmdp-502c_WEB.jpg 600w\" sizes=\"(max-width: 400px) 100vw, 400px\" \/><\/p>\n<p><span style=\"font-weight: 400\">\u21d2 Xem th\u00eam c\u00e1c thi\u1ebft b\u1ecb kh\u00e1c <\/span><a href=\"https:\/\/achisonsafety.com.vn\/danh-muc-san-pham\/cong-cu-dien-dung-cu-cam-tay\/\" rel=\"nofollow noopener\" target=\"_blank\"><span style=\"font-weight: 400\">https:\/\/achisonsafety.com.vn\/danh-muc-san-pham\/cong-cu-dien-dung-cu-cam-tay\/<\/span><\/a><\/p>\n","protected":false},"excerpt":{"rendered":"<ul>\n<li style=\"font-weight: 400\"><span style=\"font-weight: 400\">AUTOSTOP\u2122 ph\u00e1t hi\u1ec7n chuy\u1ec3n \u0111\u1ed9ng b\u1ea5t th\u01b0\u1eddng v\u1edbi qu\u00e1n t\u00ednh cao s\u1ebd l\u1eadp t\u1ee9c ng\u01b0ng ho\u1ea1t \u0111\u1ed9ng s\u1ebd l\u00e0m b\u1ea3o v\u1ec7 ng\u01b0\u1eddi d\u00f9ng khi s\u1eed d\u1ee5ng.<\/span><\/li>\n<li style=\"font-weight: 400\"><span style=\"font-weight: 400\">L\u1ef1c h\u00fat t\u1eeb t\u00ednh r\u1ea5t cao l\u00ean \u0111\u1ebfn 8890N t\u1ea1o l\u1ef1c h\u00fat r\u1ea5t cao v\u1edbi v\u1eadt thi c\u00f4ng gi\u00fap an to\u00e0n h\u01a1n khi s\u1eed d\u1ee5ng<\/span><\/li>\n<li style=\"font-weight: 400\"><span style=\"font-weight: 400\">H\u1ed9p nh\u00f4ng 2 t\u1ed1c \u0111\u1ed9 400 v\u00e0 690v\/p t\u1ed1i \u01b0u h\u00f3a vi\u1ec7c s\u1eed d\u1ee5ng dao c\u1eaft ho\u1eb7c m\u0169i khoan xo\u1eafn<\/span><\/li>\n<\/ul>\n","protected":false},"featured_media":4625,"comment_status":"open","ping_status":"closed","template":"","meta":[],"product_cat":[29,90],"product_tag":[188,187,338,190,189],"class_list":{"0":"post-4624","1":"product","2":"type-product","3":"status-publish","4":"has-post-thumbnail","6":"product_cat-cong-cu-dien-dung-cu-cam-tay","7":"product_cat-may-khoan","8":"product_tag-nganh-dau-khi-khai-khoang-dong-tau-cang-bien-hang-khong","9":"product_tag-nganh-duoc-duoc-pham-benh-vien","10":"product_tag-nganh-khai-thac-va-che-bien-go-noi-that","11":"product_tag-nganh-san-xuat-chung","12":"product_tag-nganh-xay-dung-logistic-hoa-chat","13":"yith_product_brand-milwaukee","15":"first","16":"instock","17":"shipping-taxable","18":"product-type-simple"},"acf":[],"_links":{"self":[{"href":"https:\/\/achison.com\/en\/wp-json\/wp\/v2\/product\/4624"}],"collection":[{"href":"https:\/\/achison.com\/en\/wp-json\/wp\/v2\/product"}],"about":[{"href":"https:\/\/achison.com\/en\/wp-json\/wp\/v2\/types\/product"}],"replies":[{"embeddable":true,"href":"https:\/\/achison.com\/en\/wp-json\/wp\/v2\/comments?post=4624"}],"wp:featuredmedia":[{"embeddable":true,"href":"https:\/\/achison.com\/en\/wp-json\/wp\/v2\/media\/4625"}],"wp:attachment":[{"href":"https:\/\/achison.com\/en\/wp-json\/wp\/v2\/media?parent=4624"}],"wp:term":[{"taxonomy":"product_cat","embeddable":true,"href":"https:\/\/achison.com\/en\/wp-json\/wp\/v2\/product_cat?post=4624"},{"taxonomy":"product_tag","embeddable":true,"href":"https:\/\/achison.com\/en\/wp-json\/wp\/v2\/product_tag?post=4624"}],"curies":[{"name":"wp","href":"https:\/\/api.w.org\/{rel}","templated":true}]}}